{"id":1701,"date":"2022-10-07T13:06:16","date_gmt":"2022-10-07T13:06:16","guid":{"rendered":"http:\/\/atriahouses.com\/?page_id=1701"},"modified":"2024-06-20T09:05:48","modified_gmt":"2024-06-20T09:05:48","slug":"terms-conditions","status":"publish","type":"page","link":"https:\/\/flairag.com\/pt\/terms-conditions\/","title":{"rendered":"Terms-Conditions"},"content":{"rendered":"<div data-elementor-type=\"wp-page\" data-elementor-id=\"1701\" class=\"elementor elementor-1701\" data-elementor-post-type=\"page\">\n\t\t\t\t\t\t<section class=\"elementor-section elementor-top-section elementor-element elementor-element-66b7308 elementor-section-boxed elementor-section-height-default elementor-section-height-default\" data-id=\"66b7308\" data-element_type=\"section\" data-settings=\"{&quot;background_background&quot;:&quot;classic&quot;}\">\n\t\t\t\t\t\t<div class=\"elementor-container elementor-column-gap-default\">\n\t\t\t\t\t<div class=\"elementor-column elementor-col-33 elementor-top-column elementor-element elementor-element-813b189\" data-id=\"813b189\" data-element_type=\"column\">\n\t\t\t<div class=\"elementor-widget-wrap\">\n\t\t\t\t\t\t\t<\/div>\n\t\t<\/div>\n\t\t\t\t<div class=\"elementor-column elementor-col-33 elementor-top-column elementor-element elementor-element-e4bd740\" data-id=\"e4bd740\" data-element_type=\"column\">\n\t\t\t<div class=\"elementor-widget-wrap elementor-element-populated\">\n\t\t\t\t\t\t<div class=\"elementor-element elementor-element-658d097 elementor-widget elementor-widget-heading\" data-id=\"658d097\" data-element_type=\"widget\" data-widget_type=\"heading.default\">\n\t\t\t\t<div class=\"elementor-widget-container\">\n\t\t\t\t\t<h2 class=\"elementor-heading-title elementor-size-default\">Terms &amp; Conditions<\/h2>\t\t\t\t<\/div>\n\t\t\t\t<\/div>\n\t\t\t\t<div class=\"elementor-element elementor-element-513f9ec elementor-widget elementor-widget-text-editor\" data-id=\"513f9ec\" data-element_type=\"widget\" data-widget_type=\"text-editor.default\">\n\t\t\t\t<div class=\"elementor-widget-container\">\n\t\t\t\t\t\t\t\t\t<p><strong>Termos e Condi\u00e7\u00f5es Gerais de Neg\u00f3cios<\/strong><\/p><p><strong>1.1 Or\u00e7amentos e Pre\u00e7os<\/strong><\/p><ul><li>Or\u00e7amentos s\u00e3o v\u00e1lidos por 30 dias e baseados nas informa\u00e7\u00f5es fornecidas pelo cliente.<\/li><li>Os pre\u00e7os n\u00e3o incluem custos adicionais como fotografia, imagens de banco de dados, entrega, reda\u00e7\u00e3o e IVA.<\/li><li>Taxa hor\u00e1ria: \u20ac100.<\/li><li>As tarifas est\u00e3o sujeitas a altera\u00e7\u00f5es.<\/li><li>As estimativas de tempo n\u00e3o s\u00e3o vinculativas.<\/li><li>Os prazos dependem da entrega pontual dos materiais pelo cliente.<\/li><\/ul><p><strong>1.2 M\u00e9todos<\/strong><\/p><ul><li>A ag\u00eancia pode subcontratar trabalhos.<\/li><li>As imagens fornecidas pelo cliente devem atender a padr\u00f5es espec\u00edficos de qualidade.<\/li><li>A ag\u00eancia n\u00e3o \u00e9 respons\u00e1vel por erros nos materiais fornecidos pelo cliente.<\/li><li>Os clientes devem indenizar a ag\u00eancia contra reivindica\u00e7\u00f5es pelo uso de materiais de terceiros.<\/li><li>A ag\u00eancia ret\u00e9m os direitos autorais sobre o trabalho conceitual, salvo acordo em contr\u00e1rio.<\/li><li>A propriedade do cliente est\u00e1 em risco enquanto estiver em posse da ag\u00eancia.<\/li><li>Taxas de armazenamento podem ser aplicadas para itens mantidos pela ag\u00eancia.<\/li><li>Projetos urgentes s\u00e3o por conta e risco do cliente.<\/li><li>A ag\u00eancia n\u00e3o utilizar\u00e1 materiais considerados ilegais ou difamat\u00f3rios.<\/li><\/ul><p><strong>1.3 Faturas e Pagamentos<\/strong><\/p><ul><li>Pagamento devido em at\u00e9 30 dias ap\u00f3s a emiss\u00e3o da fatura.<\/li><li>Pagamentos atrasados podem incorrer em juros.<\/li><li>O trabalho permanece propriedade da ag\u00eancia at\u00e9 que o pagamento seja recebido.<\/li><li>O IVA se aplica, salvo isen\u00e7\u00e3o.<\/li><li>Pagamentos devem ser feitos em euros.<\/li><li>Trabalho em andamento \u00e9 faturado mensalmente.<\/li><li>A ag\u00eancia pode cobrar custos adicionais causados pelo cliente.<\/li><li>Trabalho preliminar \u00e9 faturado, incluindo uma taxa de rejei\u00e7\u00e3o de 50% se o contrato for cancelado.<\/li><li>Pagamentos atrasados podem interromper o trabalho.<\/li><li>Um dep\u00f3sito (geralmente 50%) pode ser exigido, especialmente para novos clientes ou projetos grandes.<\/li><li>Pagamentos devolvidos incorrem em uma taxa de \u20ac15.<\/li><\/ul><p><strong>1.4 Revis\u00e3o<\/strong><\/p><ul><li>O cliente deve aprovar propostas e amostras.<\/li><li>As provas s\u00e3o cobradas por p\u00e1gina.<\/li><li>O cliente \u00e9 respons\u00e1vel por erros ap\u00f3s a aprova\u00e7\u00e3o.<\/li><\/ul><p><strong>1.5 Insolv\u00eancia<\/strong><\/p><ul><li>A ag\u00eancia pode interromper o trabalho caso o cliente n\u00e3o puder sanar suas d\u00edvidas.<\/li><li>A ag\u00eancia tem um direito de reten\u00e7\u00e3o sobre a propriedade do cliente para d\u00edvidas n\u00e3o pagas e pode vend\u00ea-la ap\u00f3s 14 dias de aviso.<\/li><\/ul><p><strong>1.6 For\u00e7a Maior<\/strong><\/p><ul><li>A ag\u00eancia n\u00e3o \u00e9 respons\u00e1vel por viola\u00e7\u00f5es de contrato devido a eventos incontrol\u00e1veis como desastres naturais, guerra ou greves. Os clientes ser\u00e3o notificados para tomar a\u00e7\u00f5es apropriadas.<\/li><\/ul><p><strong>1.7 Direitos Autorais (Direitos de Propriedade Intelectual)<\/strong><\/p><ul><li>Os clientes devem garantir que os materiais n\u00e3o infringem os direitos de terceiros.<\/li><li>Os clientes indenizam a ag\u00eancia contra reivindica\u00e7\u00f5es de propriedade intelectual de terceiros.<\/li><li>A ag\u00eancia ret\u00e9m os direitos de propriedade intelectual sobre o trabalho criado, salvo acordo em contr\u00e1rio.<\/li><li>O cliente n\u00e3o pode usar material da ag\u00eancia sem permiss\u00e3o.<\/li><li>A ag\u00eancia pode usar o trabalho criado para fins promocionais.<\/li><\/ul><p><strong>1.8 Legisla\u00e7\u00e3o Aplic\u00e1vel<\/strong><\/p><ul><li>Os contratos s\u00e3o regidos pelas leis da It\u00e1lia.<\/li><li>Disputas s\u00e3o resolvidas nos tribunais de Mil\u00e3o, It\u00e1lia.<\/li><\/ul>\t\t\t\t\t\t\t\t<\/div>\n\t\t\t\t<\/div>\n\t\t\t\t\t<\/div>\n\t\t<\/div>\n\t\t\t\t<div class=\"elementor-column elementor-col-33 elementor-top-column elementor-element elementor-element-f92ec93\" data-id=\"f92ec93\" data-element_type=\"column\">\n\t\t\t<div class=\"elementor-widget-wrap\">\n\t\t\t\t\t\t\t<\/div>\n\t\t<\/div>\n\t\t\t\t\t<\/div>\n\t\t<\/section>\n\t\t\t\t<\/div>","protected":false},"excerpt":{"rendered":"<p>Terms &#038; Conditions General Terms and Conditions of Business 1.1 Quotes and Prices Quotes are valid for 30 days and based on client-provided information. Prices exclude additional costs like photography, database images, delivery, copywriting, and VAT. Hourly rate: \u20ac100. Rates are subject to change. Time estimates are non-binding. Timelines depend on timely client-provided materials. 1.2 [&hellip;]<\/p>","protected":false},"author":2,"featured_media":0,"parent":0,"menu_order":0,"comment_status":"closed","ping_status":"closed","template":"","meta":{"om_disable_all_campaigns":false,"_monsterinsights_skip_tracking":false,"_monsterinsights_sitenote_active":false,"_monsterinsights_sitenote_note":"","_monsterinsights_sitenote_category":0,"site-sidebar-layout":"no-sidebar","site-content-layout":"page-builder","ast-site-content-layout":"","site-content-style":"default","site-sidebar-style":"default","ast-global-header-display":"","ast-banner-title-visibility":"","ast-main-header-display":"","ast-hfb-above-header-display":"","ast-hfb-below-header-display":"","ast-hfb-mobile-header-display":"","site-post-title":"disabled","ast-breadcrumbs-content":"","ast-featured-img":"disabled","footer-sml-layout":"","theme-transparent-header-meta":"","adv-header-id-meta":"","stick-header-meta":"","header-above-stick-meta":"","header-main-stick-meta":"","header-below-stick-meta":"","astra-migrate-meta-layouts":"default","ast-page-background-enabled":"default","ast-page-background-meta":{"desktop":{"background-color":"","background-image":"","background-repeat":"repeat","background-position":"center center","background-size":"auto","background-attachment":"scroll","background-type":"","background-media":"","overlay-type":"","overlay-color":"","overlay-gradient":""},"tablet":{"background-color":"","background-image":"","background-repeat":"repeat","background-position":"center center","background-size":"auto","background-attachment":"scroll","background-type":"","background-media":"","overlay-type":"","overlay-color":"","overlay-gradient":""},"mobile":{"background-color":"","background-image":"","background-repeat":"repeat","background-position":"center center","background-size":"auto","background-attachment":"scroll","background-type":"","background-media":"","overlay-type":"","overlay-color":"","overlay-gradient":""}},"ast-content-background-meta":{"desktop":{"background-color":"var(--ast-global-color-5)","background-image":"","background-repeat":"repeat","background-position":"center center","background-size":"auto","background-attachment":"scroll","background-type":"","background-media":"","overlay-type":"","overlay-color":"","overlay-gradient":""},"tablet":{"background-color":"var(--ast-global-color-5)","background-image":"","background-repeat":"repeat","background-position":"center center","background-size":"auto","background-attachment":"scroll","background-type":"","background-media":"","overlay-type":"","overlay-color":"","overlay-gradient":""},"mobile":{"background-color":"var(--ast-global-color-5)","background-image":"","background-repeat":"repeat","background-position":"center center","background-size":"auto","background-attachment":"scroll","background-type":"","background-media":"","overlay-type":"","overlay-color":"","overlay-gradient":""}},"footnotes":""},"yoast_head":"<!-- This site is optimized with the Yoast SEO plugin v22.2 - https:\/\/yoast.com\/wordpress\/plugins\/seo\/ -->\n<title>Terms-Conditions - Marketing Agency<\/title>\n<meta name=\"robots\" content=\"index, follow, max-snippet:-1, max-image-preview:large, max-video-preview:-1\" \/>\n<link rel=\"canonical\" href=\"https:\/\/flairag.com\/pt\/terms-conditions\/\" \/>\n<meta property=\"og:locale\" content=\"pt_BR\" \/>\n<meta property=\"og:type\" content=\"article\" \/>\n<meta property=\"og:title\" content=\"Terms-Conditions - Marketing Agency\" \/>\n<meta property=\"og:description\" content=\"Terms &#038; Conditions General Terms and Conditions of Business 1.1 Quotes and Prices Quotes are valid for 30 days and based on client-provided information. Prices exclude additional costs like photography, database images, delivery, copywriting, and VAT. Hourly rate: \u20ac100. Rates are subject to change. Time estimates are non-binding. Timelines depend on timely client-provided materials. 1.2 [&hellip;]\" \/>\n<meta property=\"og:url\" content=\"https:\/\/flairag.com\/pt\/terms-conditions\/\" \/>\n<meta property=\"og:site_name\" content=\"Marketing Agency\" \/>\n<meta property=\"article:modified_time\" content=\"2024-06-20T09:05:48+00:00\" \/>\n<meta name=\"twitter:card\" content=\"summary_large_image\" \/>\n<meta name=\"twitter:label1\" content=\"Est. tempo de leitura\" \/>\n\t<meta name=\"twitter:data1\" content=\"2 minutos\" \/>\n<script type=\"application\/ld+json\" class=\"yoast-schema-graph\">{\"@context\":\"https:\/\/schema.org\",\"@graph\":[{\"@type\":\"WebPage\",\"@id\":\"https:\/\/flairag.com\/terms-conditions\/\",\"url\":\"https:\/\/flairag.com\/terms-conditions\/\",\"name\":\"Terms-Conditions - Marketing Agency\",\"isPartOf\":{\"@id\":\"https:\/\/flairag.com\/#website\"},\"datePublished\":\"2022-10-07T13:06:16+00:00\",\"dateModified\":\"2024-06-20T09:05:48+00:00\",\"breadcrumb\":{\"@id\":\"https:\/\/flairag.com\/terms-conditions\/#breadcrumb\"},\"inLanguage\":\"pt-BR\",\"potentialAction\":[{\"@type\":\"ReadAction\",\"target\":[\"https:\/\/flairag.com\/terms-conditions\/\"]}]},{\"@type\":\"BreadcrumbList\",\"@id\":\"https:\/\/flairag.com\/terms-conditions\/#breadcrumb\",\"itemListElement\":[{\"@type\":\"ListItem\",\"position\":1,\"name\":\"Home\",\"item\":\"https:\/\/flairag.com\/\"},{\"@type\":\"ListItem\",\"position\":2,\"name\":\"Terms-Conditions\"}]},{\"@type\":\"WebSite\",\"@id\":\"https:\/\/flairag.com\/#website\",\"url\":\"https:\/\/flairag.com\/\",\"name\":\"Marketing Agency\",\"description\":\"Global Local Agency\",\"potentialAction\":[{\"@type\":\"SearchAction\",\"target\":{\"@type\":\"EntryPoint\",\"urlTemplate\":\"https:\/\/flairag.com\/?s={search_term_string}\"},\"query-input\":\"required name=search_term_string\"}],\"inLanguage\":\"pt-BR\"}]}<\/script>\n<!-- \/ Yoast SEO plugin. -->","yoast_head_json":{"title":"Terms-Conditions - Marketing Agency","robots":{"index":"index","follow":"follow","max-snippet":"max-snippet:-1","max-image-preview":"max-image-preview:large","max-video-preview":"max-video-preview:-1"},"canonical":"https:\/\/flairag.com\/pt\/terms-conditions\/","og_locale":"pt_BR","og_type":"article","og_title":"Terms-Conditions - Marketing Agency","og_description":"Terms &#038; Conditions General Terms and Conditions of Business 1.1 Quotes and Prices Quotes are valid for 30 days and based on client-provided information. Prices exclude additional costs like photography, database images, delivery, copywriting, and VAT. Hourly rate: \u20ac100. Rates are subject to change. Time estimates are non-binding. Timelines depend on timely client-provided materials. 1.2 [&hellip;]","og_url":"https:\/\/flairag.com\/pt\/terms-conditions\/","og_site_name":"Marketing Agency","article_modified_time":"2024-06-20T09:05:48+00:00","twitter_card":"summary_large_image","twitter_misc":{"Est. tempo de leitura":"2 minutos"},"schema":{"@context":"https:\/\/schema.org","@graph":[{"@type":"WebPage","@id":"https:\/\/flairag.com\/terms-conditions\/","url":"https:\/\/flairag.com\/terms-conditions\/","name":"Terms-Conditions - Marketing Agency","isPartOf":{"@id":"https:\/\/flairag.com\/#website"},"datePublished":"2022-10-07T13:06:16+00:00","dateModified":"2024-06-20T09:05:48+00:00","breadcrumb":{"@id":"https:\/\/flairag.com\/terms-conditions\/#breadcrumb"},"inLanguage":"pt-BR","potentialAction":[{"@type":"ReadAction","target":["https:\/\/flairag.com\/terms-conditions\/"]}]},{"@type":"BreadcrumbList","@id":"https:\/\/flairag.com\/terms-conditions\/#breadcrumb","itemListElement":[{"@type":"ListItem","position":1,"name":"Home","item":"https:\/\/flairag.com\/"},{"@type":"ListItem","position":2,"name":"Terms-Conditions"}]},{"@type":"WebSite","@id":"https:\/\/flairag.com\/#website","url":"https:\/\/flairag.com\/","name":"Marketing Agency","description":"Global Local Agency","potentialAction":[{"@type":"SearchAction","target":{"@type":"EntryPoint","urlTemplate":"https:\/\/flairag.com\/?s={search_term_string}"},"query-input":"required name=search_term_string"}],"inLanguage":"pt-BR"}]}},"_links":{"self":[{"href":"https:\/\/flairag.com\/pt\/wp-json\/wp\/v2\/pages\/1701"}],"collection":[{"href":"https:\/\/flairag.com\/pt\/wp-json\/wp\/v2\/pages"}],"about":[{"href":"https:\/\/flairag.com\/pt\/wp-json\/wp\/v2\/types\/page"}],"author":[{"embeddable":true,"href":"https:\/\/flairag.com\/pt\/wp-json\/wp\/v2\/users\/2"}],"replies":[{"embeddable":true,"href":"https:\/\/flairag.com\/pt\/wp-json\/wp\/v2\/comments?post=1701"}],"version-history":[{"count":10,"href":"https:\/\/flairag.com\/pt\/wp-json\/wp\/v2\/pages\/1701\/revisions"}],"predecessor-version":[{"id":4284,"href":"https:\/\/flairag.com\/pt\/wp-json\/wp\/v2\/pages\/1701\/revisions\/4284"}],"wp:attachment":[{"href":"https:\/\/flairag.com\/pt\/wp-json\/wp\/v2\/media?parent=1701"}],"curies":[{"name":"wp","href":"https:\/\/api.w.org\/{rel}","templated":true}]}}