{"id":1709,"date":"2022-10-07T13:13:37","date_gmt":"2022-10-07T13:13:37","guid":{"rendered":"http:\/\/atriahouses.com\/?page_id=1709"},"modified":"2024-06-20T12:47:58","modified_gmt":"2024-06-20T12:47:58","slug":"flair-privacy-policy","status":"publish","type":"page","link":"https:\/\/flairag.com\/pt\/flair-privacy-policy\/","title":{"rendered":"Pol\u00edtica de Privacidade"},"content":{"rendered":"<div data-elementor-type=\"wp-page\" data-elementor-id=\"1709\" class=\"elementor elementor-1709\" data-elementor-post-type=\"page\">\n\t\t\t\t\t\t<section class=\"elementor-section elementor-top-section elementor-element elementor-element-63475c8e elementor-section-boxed elementor-section-height-default elementor-section-height-default\" data-id=\"63475c8e\" data-element_type=\"section\" data-settings=\"{&quot;background_background&quot;:&quot;classic&quot;}\">\n\t\t\t\t\t\t<div class=\"elementor-container elementor-column-gap-default\">\n\t\t\t\t\t<div class=\"elementor-column elementor-col-33 elementor-top-column elementor-element elementor-element-fa6d15c\" data-id=\"fa6d15c\" data-element_type=\"column\">\n\t\t\t<div class=\"elementor-widget-wrap\">\n\t\t\t\t\t\t\t<\/div>\n\t\t<\/div>\n\t\t\t\t<div class=\"elementor-column elementor-col-33 elementor-top-column elementor-element elementor-element-f06dfad\" data-id=\"f06dfad\" data-element_type=\"column\">\n\t\t\t<div class=\"elementor-widget-wrap elementor-element-populated\">\n\t\t\t\t\t\t<div class=\"elementor-element elementor-element-2e74d8f0 elementor-widget elementor-widget-heading\" data-id=\"2e74d8f0\" data-element_type=\"widget\" data-widget_type=\"heading.default\">\n\t\t\t\t<div class=\"elementor-widget-container\">\n\t\t\t\t\t<h2 class=\"elementor-heading-title elementor-size-default\">Pol\u00edtica de Privacidade<\/h2>\t\t\t\t<\/div>\n\t\t\t\t<\/div>\n\t\t\t\t<div class=\"elementor-element elementor-element-7c8686ef elementor-widget elementor-widget-text-editor\" data-id=\"7c8686ef\" data-element_type=\"widget\" data-widget_type=\"text-editor.default\">\n\t\t\t\t<div class=\"elementor-widget-container\">\n\t\t\t\t\t\t\t\t\t<p>Na Flair, acess\u00edvel em flairag.com, uma de nossas principais prioridades \u00e9 a privacidade dos nossos visitantes. Este documento de Pol\u00edtica de Privacidade cont\u00e9m os tipos de informa\u00e7\u00f5es que s\u00e3o coletadas e registradas pela Flair e como as utilizamos.<\/p><p>Se voc\u00ea tiver perguntas adicionais ou precisar de mais informa\u00e7\u00f5es sobre nossa Pol\u00edtica de Privacidade, n\u00e3o hesite em nos contatar.<\/p><p>Esta Pol\u00edtica de Privacidade se aplica apenas \u00e0s nossas atividades online e \u00e9 v\u00e1lida para os visitantes do nosso site em rela\u00e7\u00e3o \u00e0s informa\u00e7\u00f5es que compartilharam e\/ou coletaram na Flair. Esta pol\u00edtica n\u00e3o se aplica a qualquer informa\u00e7\u00e3o coletada offline ou por meio de canais diferentes deste site.<\/p><p><strong>Consentimento<\/strong><\/p><p>Ao usar nosso site, voc\u00ea consente com nossa Pol\u00edtica de Privacidade e concorda com seus termos.<\/p><p><strong>Informa\u00e7\u00f5es que Coletamos<\/strong><\/p><p>As informa\u00e7\u00f5es pessoais que pedimos que voc\u00ea forne\u00e7a, e os motivos pelos quais pedimos que voc\u00ea as forne\u00e7a, ser\u00e3o esclarecidos no momento em que pedirmos suas informa\u00e7\u00f5es pessoais.<\/p><p>Se voc\u00ea nos contatar diretamente, podemos receber informa\u00e7\u00f5es adicionais sobre voc\u00ea, como seu nome, endere\u00e7o de e-mail, n\u00famero de telefone, o conte\u00fado da mensagem e\/ou anexos que voc\u00ea possa nos enviar, e qualquer outra informa\u00e7\u00e3o que voc\u00ea possa escolher fornecer.<\/p><p>Quando voc\u00ea se registra para uma conta, podemos solicitar suas informa\u00e7\u00f5es de contato, incluindo itens como nome, nome da empresa, endere\u00e7o, e-mail e n\u00famero de telefone.<\/p><p><strong>Como Usamos Suas Informa\u00e7\u00f5es<\/strong><\/p><p>Usamos as informa\u00e7\u00f5es que coletamos de v\u00e1rias maneiras, incluindo para:<\/p><ul><li><p>Fornecer, operar e manter nosso site<\/p><\/li><li><p>Melhorar, personalizar e expandir nosso site<\/p><\/li><li><p>Entender e analisar como voc\u00ea usa nosso site<\/p><\/li><li><p>Desenvolver novos produtos, servi\u00e7os, recursos e funcionalidades<\/p><\/li><li><p>Comunicar com voc\u00ea, seja diretamente ou atrav\u00e9s de um de nossos parceiros, incluindo para atendimento ao cliente, para fornecer atualiza\u00e7\u00f5es e outras informa\u00e7\u00f5es relacionadas ao site, e para fins de marketing e promo\u00e7\u00e3o<\/p><\/li><li><p>Enviar e-mails<\/p><\/li><li><p>Encontrar e prevenir fraudes<\/p><\/li><\/ul><p><strong>Arquivos de Log<\/strong><\/p><p>A Flair segue um procedimento padr\u00e3o de uso de arquivos de log. Esses arquivos registram os visitantes quando visitam sites. Todas as empresas de hospedagem fazem isso e fazem parte da an\u00e1lise dos servi\u00e7os de hospedagem. As informa\u00e7\u00f5es coletadas pelos arquivos de log incluem endere\u00e7os de protocolo de internet (IP), tipo de navegador, Provedor de Servi\u00e7os de Internet (ISP), data e carimbo de hora, p\u00e1ginas de refer\u00eancia\/sa\u00edda, e possivelmente o n\u00famero de cliques. Essas informa\u00e7\u00f5es n\u00e3o est\u00e3o vinculadas a nenhuma informa\u00e7\u00e3o que seja pessoalmente identific\u00e1vel. O objetivo das informa\u00e7\u00f5es \u00e9 analisar tend\u00eancias, administrar o site, rastrear o movimento dos usu\u00e1rios no site e coletar informa\u00e7\u00f5es demogr\u00e1ficas.<\/p><p><strong>Cookies e Web Beacons<\/strong><\/p><p>Como qualquer outro site, a Flair usa 'cookies'. Esses cookies s\u00e3o usados para armazenar informa\u00e7\u00f5es, incluindo as prefer\u00eancias dos visitantes e as p\u00e1ginas no site que o visitante acessou ou visitou. As informa\u00e7\u00f5es s\u00e3o usadas para otimizar a experi\u00eancia dos usu\u00e1rios personalizando o conte\u00fado de nossa p\u00e1gina da web com base no tipo de navegador dos visitantes e\/ou outras informa\u00e7\u00f5es.<\/p><p><strong>Pol\u00edticas de Privacidade dos Parceiros de Publicidade<\/strong><\/p><p>Voc\u00ea pode consultar esta lista para encontrar a Pol\u00edtica de Privacidade de cada um dos parceiros de publicidade da Flair.<\/p><p>Servidores ou redes de an\u00fancios de terceiros usam tecnologias como cookies, JavaScript ou Web Beacons que s\u00e3o usadas em seus respectivos an\u00fancios e links que aparecem na Flair, que s\u00e3o enviados diretamente ao navegador dos usu\u00e1rios. Eles automaticamente recebem seu endere\u00e7o IP quando isso ocorre. Essas tecnologias s\u00e3o usadas para medir a efic\u00e1cia de suas campanhas publicit\u00e1rias e\/ou para personalizar o conte\u00fado publicit\u00e1rio que voc\u00ea v\u00ea nos sites que visita.<\/p><p>Note que a Flair n\u00e3o tem acesso ou controle sobre esses cookies que s\u00e3o usados por anunciantes de terceiros.<\/p><p><strong>Pol\u00edticas de Privacidade de Terceiros<\/strong><\/p><p>A Pol\u00edtica de Privacidade da Flair n\u00e3o se aplica a outros anunciantes ou sites. Assim, estamos aconselhando voc\u00ea a consultar as respectivas Pol\u00edticas de Privacidade desses servidores de an\u00fancios de terceiros para obter informa\u00e7\u00f5es mais detalhadas. Pode incluir suas pr\u00e1ticas e instru\u00e7\u00f5es sobre como desativar certas op\u00e7\u00f5es.<\/p><p>Voc\u00ea pode optar por desativar os cookies atrav\u00e9s das op\u00e7\u00f5es do seu navegador individual. Para obter informa\u00e7\u00f5es mais detalhadas sobre o gerenciamento de cookies com navegadores espec\u00edficos, pode ser encontrado nos sites respectivos dos navegadores.<\/p><p><strong>Direitos de Prote\u00e7\u00e3o de Dados GDPR<\/strong><\/p><p>Gostar\u00edamos de garantir que voc\u00ea esteja plenamente ciente de todos os seus direitos de prote\u00e7\u00e3o de dados. Todo usu\u00e1rio tem direito ao seguinte:<\/p><p>O direito de acesso \u2013 Voc\u00ea tem o direito de solicitar c\u00f3pias de seus dados pessoais. Podemos cobrar uma pequena taxa por este servi\u00e7o.<\/p><p>O direito \u00e0 retifica\u00e7\u00e3o \u2013 Voc\u00ea tem o direito de solicitar que corrijamos qualquer informa\u00e7\u00e3o que voc\u00ea acredita ser imprecisa. Voc\u00ea tamb\u00e9m tem o direito de solicitar que completemos as informa\u00e7\u00f5es que acredita estar incompletas.<\/p><p>O direito ao apagamento \u2013 Voc\u00ea tem o direito de solicitar que apaguemos seus dados pessoais, sob certas condi\u00e7\u00f5es.<\/p><p>O direito de restringir o processamento \u2013 Voc\u00ea tem o direito de solicitar que restrinjamos o processamento de seus dados pessoais, sob certas condi\u00e7\u00f5es.<\/p><p>O direito de se opor ao processamento \u2013 Voc\u00ea tem o direito de se opor ao nosso processamento de seus dados pessoais, sob certas condi\u00e7\u00f5es.<\/p><p>O direito \u00e0 portabilidade dos dados \u2013 Voc\u00ea tem o direito de solicitar que transfiramos os dados que coletamos para outra organiza\u00e7\u00e3o, ou diretamente para voc\u00ea, sob certas condi\u00e7\u00f5es.<\/p><p>Se voc\u00ea fizer uma solicita\u00e7\u00e3o, temos um m\u00eas para responder a voc\u00ea. Se voc\u00ea gostaria de exercer qualquer um desses direitos, por favor, entre em contato conosco.<\/p><p><strong>Informa\u00e7\u00f5es para Crian\u00e7as<\/strong><\/p><p>Outra parte de nossa prioridade \u00e9 adicionar prote\u00e7\u00e3o para crian\u00e7as enquanto usam a internet. Encorajamos os pais e respons\u00e1veis a observar, participar e\/ou monitorar e orientar suas atividades online.<\/p><p>A Flair n\u00e3o coleta conscientemente nenhuma Informa\u00e7\u00e3o Pessoal Identific\u00e1vel de crian\u00e7as menores de 13 anos. Se voc\u00ea acha que seu filho forneceu esse tipo de informa\u00e7\u00e3o em nosso site, encorajamos fortemente que voc\u00ea entre em contato conosco imediatamente e faremos nossos melhores esfor\u00e7os para remover prontamente essas informa\u00e7\u00f5es de nossos registros.<\/p>\t\t\t\t\t\t\t\t<\/div>\n\t\t\t\t<\/div>\n\t\t\t\t\t<\/div>\n\t\t<\/div>\n\t\t\t\t<div class=\"elementor-column elementor-col-33 elementor-top-column elementor-element elementor-element-60fb2395\" data-id=\"60fb2395\" data-element_type=\"column\">\n\t\t\t<div class=\"elementor-widget-wrap\">\n\t\t\t\t\t\t\t<\/div>\n\t\t<\/div>\n\t\t\t\t\t<\/div>\n\t\t<\/section>\n\t\t\t\t<\/div>","protected":false},"excerpt":{"rendered":"<p>Privacy Policy At Flair, accessible from flairag.com, one of our main priorities is the privacy of our visitors. This Privacy Policy document contains types of information that is collected and recorded by Flair and how we use it. If you have additional questions or require more information about our Privacy Policy, do not hesitate to [&hellip;]<\/p>","protected":false},"author":2,"featured_media":0,"parent":0,"menu_order":0,"comment_status":"closed","ping_status":"closed","template":"","meta":{"om_disable_all_campaigns":false,"_monsterinsights_skip_tracking":false,"_monsterinsights_sitenote_active":false,"_monsterinsights_sitenote_note":"","_monsterinsights_sitenote_category":0,"site-sidebar-layout":"no-sidebar","site-content-layout":"page-builder","ast-site-content-layout":"full-width-container","site-content-style":"unboxed","site-sidebar-style":"unboxed","ast-global-header-display":"","ast-banner-title-visibility":"","ast-main-header-display":"","ast-hfb-above-header-display":"","ast-hfb-below-header-display":"","ast-hfb-mobile-header-display":"","site-post-title":"disabled","ast-breadcrumbs-content":"","ast-featured-img":"disabled","footer-sml-layout":"","theme-transparent-header-meta":"","adv-header-id-meta":"","stick-header-meta":"","header-above-stick-meta":"","header-main-stick-meta":"","header-below-stick-meta":"","astra-migrate-meta-layouts":"set","ast-page-background-enabled":"default","ast-page-background-meta":{"desktop":{"background-color":"","background-image":"","background-repeat":"repeat","background-position":"center center","background-size":"auto","background-attachment":"scroll","background-type":"","background-media":"","overlay-type":"","overlay-color":"","overlay-gradient":""},"tablet":{"background-color":"","background-image":"","background-repeat":"repeat","background-position":"center center","background-size":"auto","background-attachment":"scroll","background-type":"","background-media":"","overlay-type":"","overlay-color":"","overlay-gradient":""},"mobile":{"background-color":"","background-image":"","background-repeat":"repeat","background-position":"center center","background-size":"auto","background-attachment":"scroll","background-type":"","background-media":"","overlay-type":"","overlay-color":"","overlay-gradient":""}},"ast-content-background-meta":{"desktop":{"background-color":"var(--ast-global-color-5)","background-image":"","background-repeat":"repeat","background-position":"center center","background-size":"auto","background-attachment":"scroll","background-type":"","background-media":"","overlay-type":"","overlay-color":"","overlay-gradient":""},"tablet":{"background-color":"var(--ast-global-color-5)","background-image":"","background-repeat":"repeat","background-position":"center center","background-size":"auto","background-attachment":"scroll","background-type":"","background-media":"","overlay-type":"","overlay-color":"","overlay-gradient":""},"mobile":{"background-color":"var(--ast-global-color-5)","background-image":"","background-repeat":"repeat","background-position":"center center","background-size":"auto","background-attachment":"scroll","background-type":"","background-media":"","overlay-type":"","overlay-color":"","overlay-gradient":""}},"footnotes":""},"yoast_head":"<!-- This site is optimized with the Yoast SEO plugin v22.2 - https:\/\/yoast.com\/wordpress\/plugins\/seo\/ -->\n<title>Privacy Policy - Marketing Agency<\/title>\n<meta name=\"robots\" content=\"index, follow, max-snippet:-1, max-image-preview:large, max-video-preview:-1\" \/>\n<link rel=\"canonical\" href=\"https:\/\/flairag.com\/pt\/flair-privacy-policy\/\" \/>\n<meta property=\"og:locale\" content=\"pt_BR\" \/>\n<meta property=\"og:type\" content=\"article\" \/>\n<meta property=\"og:title\" content=\"Privacy Policy - Marketing Agency\" \/>\n<meta property=\"og:description\" content=\"Privacy Policy At Flair, accessible from flairag.com, one of our main priorities is the privacy of our visitors. This Privacy Policy document contains types of information that is collected and recorded by Flair and how we use it. If you have additional questions or require more information about our Privacy Policy, do not hesitate to [&hellip;]\" \/>\n<meta property=\"og:url\" content=\"https:\/\/flairag.com\/pt\/flair-privacy-policy\/\" \/>\n<meta property=\"og:site_name\" content=\"Marketing Agency\" \/>\n<meta property=\"article:modified_time\" content=\"2024-06-20T12:47:58+00:00\" \/>\n<meta name=\"twitter:card\" content=\"summary_large_image\" \/>\n<meta name=\"twitter:label1\" content=\"Est. tempo de leitura\" \/>\n\t<meta name=\"twitter:data1\" content=\"5 minutos\" \/>\n<script type=\"application\/ld+json\" class=\"yoast-schema-graph\">{\"@context\":\"https:\/\/schema.org\",\"@graph\":[{\"@type\":\"WebPage\",\"@id\":\"https:\/\/flairag.com\/flair-privacy-policy\/\",\"url\":\"https:\/\/flairag.com\/flair-privacy-policy\/\",\"name\":\"Privacy Policy - Marketing Agency\",\"isPartOf\":{\"@id\":\"https:\/\/flairag.com\/#website\"},\"datePublished\":\"2022-10-07T13:13:37+00:00\",\"dateModified\":\"2024-06-20T12:47:58+00:00\",\"breadcrumb\":{\"@id\":\"https:\/\/flairag.com\/flair-privacy-policy\/#breadcrumb\"},\"inLanguage\":\"pt-BR\",\"potentialAction\":[{\"@type\":\"ReadAction\",\"target\":[\"https:\/\/flairag.com\/flair-privacy-policy\/\"]}]},{\"@type\":\"BreadcrumbList\",\"@id\":\"https:\/\/flairag.com\/flair-privacy-policy\/#breadcrumb\",\"itemListElement\":[{\"@type\":\"ListItem\",\"position\":1,\"name\":\"Home\",\"item\":\"https:\/\/flairag.com\/\"},{\"@type\":\"ListItem\",\"position\":2,\"name\":\"Privacy Policy\"}]},{\"@type\":\"WebSite\",\"@id\":\"https:\/\/flairag.com\/#website\",\"url\":\"https:\/\/flairag.com\/\",\"name\":\"Marketing Agency\",\"description\":\"Global Local Agency\",\"potentialAction\":[{\"@type\":\"SearchAction\",\"target\":{\"@type\":\"EntryPoint\",\"urlTemplate\":\"https:\/\/flairag.com\/?s={search_term_string}\"},\"query-input\":\"required name=search_term_string\"}],\"inLanguage\":\"pt-BR\"}]}<\/script>\n<!-- \/ Yoast SEO plugin. -->","yoast_head_json":{"title":"Privacy Policy - Marketing Agency","robots":{"index":"index","follow":"follow","max-snippet":"max-snippet:-1","max-image-preview":"max-image-preview:large","max-video-preview":"max-video-preview:-1"},"canonical":"https:\/\/flairag.com\/pt\/flair-privacy-policy\/","og_locale":"pt_BR","og_type":"article","og_title":"Privacy Policy - Marketing Agency","og_description":"Privacy Policy At Flair, accessible from flairag.com, one of our main priorities is the privacy of our visitors. This Privacy Policy document contains types of information that is collected and recorded by Flair and how we use it. If you have additional questions or require more information about our Privacy Policy, do not hesitate to [&hellip;]","og_url":"https:\/\/flairag.com\/pt\/flair-privacy-policy\/","og_site_name":"Marketing Agency","article_modified_time":"2024-06-20T12:47:58+00:00","twitter_card":"summary_large_image","twitter_misc":{"Est. tempo de leitura":"5 minutos"},"schema":{"@context":"https:\/\/schema.org","@graph":[{"@type":"WebPage","@id":"https:\/\/flairag.com\/flair-privacy-policy\/","url":"https:\/\/flairag.com\/flair-privacy-policy\/","name":"Privacy Policy - Marketing Agency","isPartOf":{"@id":"https:\/\/flairag.com\/#website"},"datePublished":"2022-10-07T13:13:37+00:00","dateModified":"2024-06-20T12:47:58+00:00","breadcrumb":{"@id":"https:\/\/flairag.com\/flair-privacy-policy\/#breadcrumb"},"inLanguage":"pt-BR","potentialAction":[{"@type":"ReadAction","target":["https:\/\/flairag.com\/flair-privacy-policy\/"]}]},{"@type":"BreadcrumbList","@id":"https:\/\/flairag.com\/flair-privacy-policy\/#breadcrumb","itemListElement":[{"@type":"ListItem","position":1,"name":"Home","item":"https:\/\/flairag.com\/"},{"@type":"ListItem","position":2,"name":"Privacy Policy"}]},{"@type":"WebSite","@id":"https:\/\/flairag.com\/#website","url":"https:\/\/flairag.com\/","name":"Marketing Agency","description":"Global Local Agency","potentialAction":[{"@type":"SearchAction","target":{"@type":"EntryPoint","urlTemplate":"https:\/\/flairag.com\/?s={search_term_string}"},"query-input":"required name=search_term_string"}],"inLanguage":"pt-BR"}]}},"_links":{"self":[{"href":"https:\/\/flairag.com\/pt\/wp-json\/wp\/v2\/pages\/1709"}],"collection":[{"href":"https:\/\/flairag.com\/pt\/wp-json\/wp\/v2\/pages"}],"about":[{"href":"https:\/\/flairag.com\/pt\/wp-json\/wp\/v2\/types\/page"}],"author":[{"embeddable":true,"href":"https:\/\/flairag.com\/pt\/wp-json\/wp\/v2\/users\/2"}],"replies":[{"embeddable":true,"href":"https:\/\/flairag.com\/pt\/wp-json\/wp\/v2\/comments?post=1709"}],"version-history":[{"count":15,"href":"https:\/\/flairag.com\/pt\/wp-json\/wp\/v2\/pages\/1709\/revisions"}],"predecessor-version":[{"id":4335,"href":"https:\/\/flairag.com\/pt\/wp-json\/wp\/v2\/pages\/1709\/revisions\/4335"}],"wp:attachment":[{"href":"https:\/\/flairag.com\/pt\/wp-json\/wp\/v2\/media?parent=1709"}],"curies":[{"name":"wp","href":"https:\/\/api.w.org\/{rel}","templated":true}]}}